{"id":47885,"date":"2024-12-21T19:10:44","date_gmt":"2024-12-21T19:10:44","guid":{"rendered":"https:\/\/theme-dev.cmsmasters.studio\/talk-therapy\/?page_id=47885"},"modified":"2026-03-29T02:35:56","modified_gmt":"2026-03-29T02:35:56","slug":"contacts","status":"publish","type":"page","link":"https:\/\/www.hilalkayabal.co.uk\/index.php\/contacts\/","title":{"rendered":"\u0130leti\u015fim"},"content":{"rendered":"\t\t<div data-elementor-type=\"wp-page\" data-elementor-id=\"47885\" class=\"elementor elementor-47885\">\n\t\t\t\t<div class=\"elementor-element elementor-element-8270cf4 cmsmasters-section-for-header-yes elementor-hidden-widescreen elementor-hidden-desktop elementor-hidden-tablet elementor-hidden-mobile e-flex e-con-boxed cmsmasters-block-default elementor-invisible e-con e-parent\" data-id=\"8270cf4\" data-element_type=\"container\" data-e-type=\"container\" data-settings=\"{&quot;animation&quot;:&quot;cmsmasters-fade-in-up&quot;}\">\n\t\t\t\t\t<div class=\"e-con-inner\">\n\t\t<div class=\"elementor-element elementor-element-ae6c0e8 e-con-full e-flex cmsmasters-block-default e-con e-child\" data-id=\"ae6c0e8\" data-element_type=\"container\" data-e-type=\"container\" data-settings=\"{&quot;background_background&quot;:&quot;classic&quot;}\">\n\t\t\t\t<div data-animation-type=\"block\" class=\"animation_type_block elementor-element elementor-element-1eb2558 gradient cmsmasters-highlight-title-alignment-left cmsmasters-highlight-title-alignment-left gradient cmsmasters-highlight-display-type-inline cmsmasters-highlight-title-alignment-left linear linear cmsmasters-highlight-title-animate animation_type_block cmsmasters-block-default cmsmasters-sticky-default elementor-invisible elementor-widget elementor-widget-cmsmasters-highlight-title\" data-animation-stagger=\"200\" data-separate-animation-selector=\".elementor-widget-cmsmasters-highlight-title__item\" data-text-animation-class=\"sequental, random, line, word, char\" data-id=\"1eb2558\" data-element_type=\"widget\" data-e-type=\"widget\" data-settings=\"{&quot;_animation&quot;:&quot;cmsmasters-fade-in&quot;,&quot;_animation_delay&quot;:400}\" data-widget_type=\"cmsmasters-highlight-title.default\">\n\t\t\t\t\t<h1 class=\"elementor-widget-cmsmasters-highlight-title__title\" style=\"--cmsmasters-highlight-title-highlight-animation-duration: 2000ms;\"><span class=\"elementor-widget-cmsmasters-highlight-title__item elementor-repeater-item-9a37528 cmsmasters-highlight-title-item-text cmsmasters-color-variation-gradient cmsmasters-color-gradient-linear\"><span class=\"elementor-widget-cmsmasters-highlight-title__text-wrap\"><span class=\"elementor-widget-cmsmasters-highlight-title__text\">Contact Us <\/span><\/span><\/span><span class=\"elementor-widget-cmsmasters-highlight-title__item elementor-repeater-item-0612daa cmsmasters-highlight-title-item-text cmsmasters-color-variation-gradient cmsmasters-color-gradient-linear\"><span class=\"elementor-widget-cmsmasters-highlight-title__text-wrap\"><span class=\"elementor-widget-cmsmasters-highlight-title__text\">Easily Online, by Phone or by Dropping In<\/span><\/span><\/span><\/h1>\t\t\t\t<\/div>\n\t\t\t\t<div class=\"elementor-element elementor-element-737eb36 cmsmasters-block-default cmsmasters-sticky-default elementor-invisible elementor-widget elementor-widget-text-editor\" data-id=\"737eb36\" data-element_type=\"widget\" data-e-type=\"widget\" data-settings=\"{&quot;_animation&quot;:&quot;cmsmasters-fade-in&quot;,&quot;_animation_delay&quot;:600}\" data-widget_type=\"text-editor.default\">\n\t\t\t\t\t\t\t\t\tStart your path to psychological wellness with our thuroughly selected specialists.\t\t\t\t\t\t\t\t<\/div>\n\t\t<div class=\"elementor-element elementor-element-2b64d6d e-con-full e-flex cmsmasters-block-default e-con e-child\" data-id=\"2b64d6d\" data-element_type=\"container\" data-e-type=\"container\">\n\t\t\t\t<div class=\"elementor-element elementor-element-c43d4e9 cmsmasters-icon-disable-none cmsmasters-swap-button-animation-scale cmsmasters-block-default cmsmasters-sticky-default elementor-widget elementor-widget-cmsmasters-swap-button\" data-id=\"c43d4e9\" data-element_type=\"widget\" data-e-type=\"widget\" data-widget_type=\"cmsmasters-swap-button.default\">\n\t\t\t\t\t<a class=\"elementor-widget-cmsmasters-swap-button__button cmsmasters-swap-button-label-bg-normal-color cmsmasters-swap-button-label-bg-hover-color\" role=\"button\" tabindex=\"0\" href=\"https:\/\/www.hilalkayabal.co.uk\/index.php\/appointment-page\/\"><span class=\"elementor-widget-cmsmasters-swap-button__icon cmsmaster-swap-button-icon-active\"><i aria-hidden=\"true\" class=\"cmsmsdemo-icons- cmsms-demo-icons-button-arrow\"><\/i><\/span><span class=\"elementor-widget-cmsmasters-swap-button__text\">Book a Session<\/span><span class=\"elementor-widget-cmsmasters-swap-button__icon cmsmaster-swap-button-icon-normal\"><i aria-hidden=\"true\" class=\"cmsmsdemo-icons- cmsms-demo-icons-button-arrow\"><\/i><\/span><\/a>\t\t\t\t<\/div>\n\t\t\t\t<div data-animation-type=\"block\" class=\"animation_type_block elementor-element elementor-element-85f798b cmsmasters-featured-box__graphic-align-left cmsmasters-featured-box__link-box cmsmasters-featured-box__graphic-align-mobile-left elementor-widget-mobile__width-inherit cmsmasters-featured-box__text-valign-middle animation_type_block cmsmasters-block-default cmsmasters-sticky-default elementor-invisible elementor-widget elementor-widget-cmsmasters-featured-box\" data-animation-stagger=\"200\" data-separate-animation-selector=\".elementor-widget-cmsmasters-featured-box__icon-wrap, .elementor-widget-cmsmasters-featured-box__image-wrap, .elementor-widget-cmsmasters-featured-box__title, .elementor-widget-cmsmasters-featured-box__description, .elementor-widget-cmsmasters-featured-box__button-wrapper\" data-text-animation-class=\"sequental, random\" data-id=\"85f798b\" data-element_type=\"widget\" data-e-type=\"widget\" data-settings=\"{&quot;_animation&quot;:&quot;cmsmasters-fade-in-left&quot;,&quot;_animation_delay&quot;:600}\" data-widget_type=\"cmsmasters-featured-box.default\">\n\t\t\t\t\t<a href=\"tel:%20+0800%202336%207811\" class=\"elementor-widget-cmsmasters-featured-box__wrapper\"><div class=\"elementor-widget-cmsmasters-featured-box__content\">\r\n\t\t\t\t<div class=\"elementor-widget-cmsmasters-featured-box__content-vertical-inner\"><div class=\"elementor-widget-cmsmasters-featured-box__type-wrap elementor-widget-cmsmasters-featured-box__content-item\"><h6 class=\"elementor-widget-cmsmasters-featured-box__title elementor-widget-cmsmasters-featured-box__content-item\">Give Us a Call:<\/h6><div class=\"elementor-widget-cmsmasters-featured-box__description elementor-widget-cmsmasters-featured-box__content-item\">+ 0800 2336 7811<\/div><\/div>\r\n\t\t\t\t<\/div>\r\n\t\t\t<\/div>\r\n\t\t<\/a>\t\t\t\t<\/div>\n\t\t\t\t<\/div>\n\t\t\t\t<\/div>\n\t\t<div class=\"elementor-element elementor-element-dc23708 e-con-full e-flex cmsmasters-bg-hide-none cmsmasters-bg-hide-none cmsmasters-block-default e-con e-child\" data-id=\"dc23708\" data-element_type=\"container\" data-e-type=\"container\" data-settings=\"{&quot;background_background&quot;:&quot;classic&quot;}\">\n\t\t\t\t<\/div>\n\t\t\t\t\t<\/div>\n\t\t\t\t<\/div>\n\t\t<div class=\"elementor-element elementor-element-2a8c5f9 e-flex e-con-boxed cmsmasters-block-default elementor-invisible e-con e-parent\" data-id=\"2a8c5f9\" data-element_type=\"container\" data-e-type=\"container\" data-settings=\"{&quot;animation&quot;:&quot;cmsmasters-fade-in-up&quot;}\">\n\t\t\t\t\t<div class=\"e-con-inner\">\n\t\t<div class=\"elementor-element elementor-element-ca7e90c e-con-full e-flex cmsmasters-block-default e-con e-child\" data-id=\"ca7e90c\" data-element_type=\"container\" data-e-type=\"container\">\n\t\t\t\t<div data-animation-type=\"block\" class=\"animation_type_block elementor-element elementor-element-4da1896 gradient cmsmasters-highlight-title-alignment-left cmsmasters-highlight-title-alignment-left gradient cmsmasters-highlight-display-type-inline cmsmasters-highlight-title-alignment-left linear linear cmsmasters-highlight-title-animate animation_type_block cmsmasters-block-default cmsmasters-sticky-default elementor-invisible elementor-widget elementor-widget-cmsmasters-highlight-title\" data-animation-stagger=\"200\" data-separate-animation-selector=\".elementor-widget-cmsmasters-highlight-title__item\" data-text-animation-class=\"sequental, random, line, word, char\" data-id=\"4da1896\" data-element_type=\"widget\" data-e-type=\"widget\" data-settings=\"{&quot;_animation&quot;:&quot;cmsmasters-fade-in-up&quot;,&quot;_animation_delay&quot;:0}\" data-widget_type=\"cmsmasters-highlight-title.default\">\n\t\t\t\t\t<h2 class=\"elementor-widget-cmsmasters-highlight-title__title\" style=\"--cmsmasters-highlight-title-highlight-animation-duration: 2000ms;\"><span class=\"elementor-widget-cmsmasters-highlight-title__item elementor-repeater-item-0612daa cmsmasters-highlight-title-item-text cmsmasters-color-variation-gradient cmsmasters-color-gradient-linear\"><span class=\"elementor-widget-cmsmasters-highlight-title__text-wrap\"><span class=\"elementor-widget-cmsmasters-highlight-title__text\">\u0130leti\u015fim<\/span><\/span><\/span><span class=\"elementor-widget-cmsmasters-highlight-title__item elementor-repeater-item-9a37528 cmsmasters-highlight-title-item-text cmsmasters-color-variation-gradient cmsmasters-color-gradient-linear\"><span class=\"elementor-widget-cmsmasters-highlight-title__text-wrap\"><span class=\"elementor-widget-cmsmasters-highlight-title__text\"> Formu<\/span><\/span><\/span><\/h2>\t\t\t\t<\/div>\n\t\t\t\t<div class=\"elementor-element elementor-element-d87e07c cmsmasters-block-default cmsmasters-sticky-default elementor-invisible elementor-widget elementor-widget-text-editor\" data-id=\"d87e07c\" data-element_type=\"widget\" data-e-type=\"widget\" data-settings=\"{&quot;_animation&quot;:&quot;cmsmasters-fade-in-up&quot;,&quot;_animation_delay&quot;:200}\" data-widget_type=\"text-editor.default\">\n\t\t\t\t\t\t\t\t\t<p>Esenlik yolculu\u011funuzda size e\u015flik etmek i\u00e7in buraday\u0131m. Hizmetlerim hakk\u0131nda sorular\u0131n\u0131z varsa, randevu almak istiyorsan\u0131z veya sadece nereden ba\u015flayaca\u011f\u0131n\u0131z konusunda bir rehberli\u011fe ihtiya\u00e7 duyuyorsan\u0131z; size destek olmaya haz\u0131r\u0131m.<\/p>\t\t\t\t\t\t\t\t<\/div>\n\t\t<div class=\"elementor-element elementor-element-df9767e e-con-full elementor-hidden-widescreen elementor-hidden-desktop elementor-hidden-tablet elementor-hidden-mobile e-flex cmsmasters-block-default elementor-invisible e-con e-child\" data-id=\"df9767e\" data-element_type=\"container\" data-e-type=\"container\" data-settings=\"{&quot;animation&quot;:&quot;cmsmasters-fade-in-up&quot;,&quot;animation_delay&quot;:400}\">\n\t\t<div class=\"elementor-element elementor-element-8b840b1 e-con-full e-flex cmsmasters-block-default e-con e-child\" data-id=\"8b840b1\" data-element_type=\"container\" data-e-type=\"container\">\n\t\t\t\t<div class=\"elementor-element elementor-element-7b4f605 cmsmasters-block-default cmsmasters-sticky-default elementor-invisible elementor-widget elementor-widget-heading\" data-id=\"7b4f605\" data-element_type=\"widget\" data-e-type=\"widget\" data-settings=\"{&quot;_animation&quot;:&quot;cmsmasters-fade-in&quot;,&quot;_animation_delay&quot;:400}\" data-widget_type=\"heading.default\">\n\t\t\t\t\t<h6 class=\"elementor-heading-title elementor-size-default\">Address:<\/h6>\t\t\t\t<\/div>\n\t\t\t\t<div class=\"elementor-element elementor-element-f246fe0 cmsmasters-block-default cmsmasters-sticky-default elementor-invisible elementor-widget elementor-widget-text-editor\" data-id=\"f246fe0\" data-element_type=\"widget\" data-e-type=\"widget\" data-settings=\"{&quot;_animation&quot;:&quot;cmsmasters-fade-in&quot;,&quot;_animation_delay&quot;:500}\" data-widget_type=\"text-editor.default\">\n\t\t\t\t\t\t\t\t\t<p>London<\/p>\t\t\t\t\t\t\t\t<\/div>\n\t\t\t\t<\/div>\n\t\t<div class=\"elementor-element elementor-element-b982b66 e-con-full e-flex cmsmasters-block-default e-con e-child\" data-id=\"b982b66\" data-element_type=\"container\" data-e-type=\"container\">\n\t\t\t\t<div class=\"elementor-element elementor-element-2fe290c cmsmasters-block-default cmsmasters-sticky-default elementor-invisible elementor-widget elementor-widget-heading\" data-id=\"2fe290c\" data-element_type=\"widget\" data-e-type=\"widget\" data-settings=\"{&quot;_animation&quot;:&quot;cmsmasters-fade-in&quot;,&quot;_animation_delay&quot;:600}\" data-widget_type=\"heading.default\">\n\t\t\t\t\t<h6 class=\"elementor-heading-title elementor-size-default\">Open:<\/h6>\t\t\t\t<\/div>\n\t\t\t\t<div class=\"elementor-element elementor-element-f0684ac cmsmasters-block-default cmsmasters-sticky-default elementor-invisible elementor-widget elementor-widget-text-editor\" data-id=\"f0684ac\" data-element_type=\"widget\" data-e-type=\"widget\" data-settings=\"{&quot;_animation&quot;:&quot;cmsmasters-fade-in&quot;,&quot;_animation_delay&quot;:700}\" data-widget_type=\"text-editor.default\">\n\t\t\t\t\t\t\t\t\t<p>Monday \u2013 Sunday, <br \/>9am \u2013 7pm EST<\/p>\t\t\t\t\t\t\t\t<\/div>\n\t\t\t\t<\/div>\n\t\t\t\t<\/div>\n\t\t\t\t<\/div>\n\t\t\t\t\t<\/div>\n\t\t\t\t<\/div>\n\t\t<div class=\"elementor-element elementor-element-90ef7ec e-flex e-con-boxed cmsmasters-block-default e-con e-parent\" data-id=\"90ef7ec\" data-element_type=\"container\" data-e-type=\"container\">\n\t\t\t\t\t<div class=\"e-con-inner\">\n\t\t<div class=\"elementor-element elementor-element-1cf51d9 e-con-full e-flex cmsmasters-block-default e-con e-child\" data-id=\"1cf51d9\" data-element_type=\"container\" data-e-type=\"container\">\n\t\t\t\t<div class=\"elementor-element elementor-element-0d108b0 cmsmasters-block-default cmsmasters-sticky-default elementor-invisible elementor-widget elementor-widget-image\" data-id=\"0d108b0\" data-element_type=\"widget\" data-e-type=\"widget\" data-settings=\"{&quot;_animation&quot;:&quot;cmsmasters-pop-in&quot;}\" data-widget_type=\"image.default\">\n\t\t\t\t\t\t\t\t\t\t\t\t\t\t\t<img fetchpriority=\"high\" decoding=\"async\" width=\"1180\" height=\"1400\" src=\"https:\/\/www.hilalkayabal.co.uk\/wp-content\/uploads\/2026\/01\/80-contacts-4.webp\" class=\"attachment-full size-full wp-image-180\" alt=\"\" srcset=\"https:\/\/www.hilalkayabal.co.uk\/wp-content\/uploads\/2026\/01\/80-contacts-4.webp 1180w, https:\/\/www.hilalkayabal.co.uk\/wp-content\/uploads\/2026\/01\/80-contacts-4-600x712.webp 600w, https:\/\/www.hilalkayabal.co.uk\/wp-content\/uploads\/2026\/01\/80-contacts-4-253x300.webp 253w, https:\/\/www.hilalkayabal.co.uk\/wp-content\/uploads\/2026\/01\/80-contacts-4-863x1024.webp 863w, https:\/\/www.hilalkayabal.co.uk\/wp-content\/uploads\/2026\/01\/80-contacts-4-768x911.webp 768w\" sizes=\"(max-width: 1180px) 100vw, 1180px\" \/>\t\t\t\t\t\t\t\t\t\t\t\t\t\t\t<\/div>\n\t\t\t\t<\/div>\n\t\t<div class=\"elementor-element elementor-element-212fe86 e-con-full e-flex cmsmasters-block-default e-con e-child\" data-id=\"212fe86\" data-element_type=\"container\" data-e-type=\"container\">\n\t\t\t\t<div data-animation-type=\"block\" class=\"animation_type_block elementor-element elementor-element-01ccbc0 gradient cmsmasters-highlight-title-alignment-left cmsmasters-highlight-title-alignment-left gradient cmsmasters-highlight-display-type-inline cmsmasters-highlight-title-alignment-left linear linear cmsmasters-highlight-title-animate animation_type_block cmsmasters-block-default cmsmasters-sticky-default elementor-invisible elementor-widget elementor-widget-cmsmasters-highlight-title\" data-animation-stagger=\"200\" data-separate-animation-selector=\".elementor-widget-cmsmasters-highlight-title__item\" data-text-animation-class=\"sequental, random, line, word, char\" data-id=\"01ccbc0\" data-element_type=\"widget\" data-e-type=\"widget\" data-settings=\"{&quot;_animation&quot;:&quot;cmsmasters-fade-in-up&quot;,&quot;_animation_delay&quot;:400}\" data-widget_type=\"cmsmasters-highlight-title.default\">\n\t\t\t\t\t<h2 class=\"elementor-widget-cmsmasters-highlight-title__title\" style=\"--cmsmasters-highlight-title-highlight-animation-duration: 2000ms;\"><span class=\"elementor-widget-cmsmasters-highlight-title__item elementor-repeater-item-0612daa cmsmasters-highlight-title-item-text cmsmasters-color-variation-gradient cmsmasters-color-gradient-linear\"><span class=\"elementor-widget-cmsmasters-highlight-title__text-wrap\"><span class=\"elementor-widget-cmsmasters-highlight-title__text\">Ask a <\/span><\/span><\/span><span class=\"elementor-widget-cmsmasters-highlight-title__item elementor-repeater-item-9a37528 cmsmasters-highlight-title-item-text cmsmasters-color-variation-gradient cmsmasters-color-gradient-linear\"><span class=\"elementor-widget-cmsmasters-highlight-title__text-wrap\"><span class=\"elementor-widget-cmsmasters-highlight-title__text\">Question<\/span><\/span><\/span><\/h2>\t\t\t\t<\/div>\n\t\t\t\t<div class=\"elementor-element elementor-element-ca230ab cmsmasters-block-default cmsmasters-sticky-default elementor-invisible elementor-widget elementor-widget-text-editor\" data-id=\"ca230ab\" data-element_type=\"widget\" data-e-type=\"widget\" data-settings=\"{&quot;_animation&quot;:&quot;cmsmasters-fade-in-up&quot;,&quot;_animation_delay&quot;:200}\" data-widget_type=\"text-editor.default\">\n\t\t\t\t\t\t\t\t\tIf you have any questions, you can contact us. Please, fill out the form below.\t\t\t\t\t\t\t\t<\/div>\n\t\t\t\t<div class=\"elementor-element elementor-element-a9b967a elementor-widget__width-inherit cmsmasters-block-default cmsmasters-sticky-default elementor-invisible elementor-widget elementor-widget-cmsmasters-forminator\" data-id=\"a9b967a\" data-element_type=\"widget\" data-e-type=\"widget\" data-settings=\"{&quot;form_list&quot;:&quot;36&quot;,&quot;_animation&quot;:&quot;cmsmasters-fade-in-up&quot;,&quot;_animation_delay&quot;:400}\" data-widget_type=\"cmsmasters-forminator.default\">\n\t\t\t\t\t<div class=\"elementor-widget-cmsmasters-contact-form__wrapper elementor-widget-cmsmasters-contact-form cmsmasters-default-color cmsmasters-default-font\" id=\"cmsmasters-widget-form-a9b967a\">\r\n\t\t\t<div class=\"elementor-widget-cmsmasters-contact-form__inner\"><form id=\"forminator-module-36\" class=\"forminator-custom-form forminator-custom-form-36\" method=\"post\" data-forminator-render=\"0\" data-uid=\"69f920628314c\"><div role=\"alert\" aria-live=\"polite\" class=\"forminator-response-message forminator-error\" aria-hidden=\"true\"><\/div><\/form><\/div>\r\n\t\t<\/div>\t\t\t\t<\/div>\n\t\t\t\t<\/div>\n\t\t\t\t\t<\/div>\n\t\t\t\t<\/div>\n\t\t\t\t<\/div>\n\t\t","protected":false},"excerpt":{"rendered":"<p>Contact Us Easily Online, by Phone or by Dropping In Start your path to psychological wellness with our thuroughly selected specialists. Book a Session Give Us a Call: + 0800 2336 7811 \u0130leti\u015fim Formu Esenlik yolculu\u011funuzda size e\u015flik etmek i\u00e7in buraday\u0131m. Hizmetlerim hakk\u0131nda sorular\u0131n\u0131z varsa, randevu almak istiyorsan\u0131z veya sadece nereden ba\u015flayaca\u011f\u0131n\u0131z konusunda bir rehberli\u011fe&#8230;<\/p>\n","protected":false},"author":1,"featured_media":0,"parent":0,"menu_order":0,"comment_status":"closed","ping_status":"closed","template":"","meta":{"_acf_changed":false,"footnotes":""},"class_list":["post-47885","page","type-page","status-publish","hentry"],"acf":[],"_links":{"self":[{"href":"https:\/\/www.hilalkayabal.co.uk\/index.php\/wp-json\/wp\/v2\/pages\/47885","targetHints":{"allow":["GET"]}}],"collection":[{"href":"https:\/\/www.hilalkayabal.co.uk\/index.php\/wp-json\/wp\/v2\/pages"}],"about":[{"href":"https:\/\/www.hilalkayabal.co.uk\/index.php\/wp-json\/wp\/v2\/types\/page"}],"author":[{"embeddable":true,"href":"https:\/\/www.hilalkayabal.co.uk\/index.php\/wp-json\/wp\/v2\/users\/1"}],"replies":[{"embeddable":true,"href":"https:\/\/www.hilalkayabal.co.uk\/index.php\/wp-json\/wp\/v2\/comments?post=47885"}],"version-history":[{"count":23,"href":"https:\/\/www.hilalkayabal.co.uk\/index.php\/wp-json\/wp\/v2\/pages\/47885\/revisions"}],"predecessor-version":[{"id":51099,"href":"https:\/\/www.hilalkayabal.co.uk\/index.php\/wp-json\/wp\/v2\/pages\/47885\/revisions\/51099"}],"wp:attachment":[{"href":"https:\/\/www.hilalkayabal.co.uk\/index.php\/wp-json\/wp\/v2\/media?parent=47885"}],"curies":[{"name":"wp","href":"https:\/\/api.w.org\/{rel}","templated":true}]}}