{"id":50687,"date":"2026-02-15T17:31:35","date_gmt":"2026-02-15T17:31:35","guid":{"rendered":"https:\/\/www.hilalkayabal.co.uk\/?page_id=50687"},"modified":"2026-03-28T18:15:10","modified_gmt":"2026-03-28T18:15:10","slug":"psikodrama","status":"publish","type":"page","link":"https:\/\/www.hilalkayabal.co.uk\/index.php\/psikodrama\/","title":{"rendered":"Psikodrama"},"content":{"rendered":"\t\t<div data-elementor-type=\"wp-page\" data-elementor-id=\"50687\" class=\"elementor elementor-50687\">\n\t\t\t\t<div class=\"elementor-element elementor-element-bad2e6f e-flex e-con-boxed cmsmasters-block-default e-con e-parent\" data-id=\"bad2e6f\" data-element_type=\"container\" data-e-type=\"container\">\n\t\t\t\t\t<div class=\"e-con-inner\">\n\t\t<div class=\"elementor-element elementor-element-a3ca15d e-con-full e-flex cmsmasters-block-default e-con e-child\" data-id=\"a3ca15d\" data-element_type=\"container\" data-e-type=\"container\">\n\t\t\t\t<div class=\"elementor-element elementor-element-aaf45ef cmsmasters-block-default cmsmasters-sticky-default elementor-widget elementor-widget-text-editor\" data-id=\"aaf45ef\" data-element_type=\"widget\" data-e-type=\"widget\" data-widget_type=\"text-editor.default\">\n\t\t\t\t\t\t\t\t\t<p>ggg<\/p>\t\t\t\t\t\t\t\t<\/div>\n\t\t<div class=\"elementor-element elementor-element-5db5628 e-con-full e-flex cmsmasters-block-default e-con e-child\" data-id=\"5db5628\" data-element_type=\"container\" data-e-type=\"container\">\n\t\t\t\t<div class=\"elementor-element elementor-element-935711c cmsmasters-block-default cmsmasters-sticky-default elementor-widget elementor-widget-heading\" data-id=\"935711c\" data-element_type=\"widget\" data-e-type=\"widget\" data-widget_type=\"heading.default\">\n\t\t\t\t\t<h2 class=\"elementor-heading-title elementor-size-default\">Psikodrama: Hayat Sahnesinde De\u011fi\u015fim<\/h2>\t\t\t\t<\/div>\n\t\t\t\t<\/div>\n\t\t<div class=\"elementor-element elementor-element-c1327a9 e-flex e-con-boxed cmsmasters-block-default e-con e-child\" data-id=\"c1327a9\" data-element_type=\"container\" data-e-type=\"container\">\n\t\t\t\t\t<div class=\"e-con-inner\">\n\t\t\t\t<div class=\"elementor-element elementor-element-01179f5 cmsmasters-block-default cmsmasters-sticky-default elementor-widget elementor-widget-text-editor\" data-id=\"01179f5\" data-element_type=\"widget\" data-e-type=\"widget\" data-widget_type=\"text-editor.default\">\n\t\t\t\t\t\t\t\t\t<p>Hayat\u0131m\u0131z; rollerin, ili\u015fkilerin ve ya\u015fanm\u0131\u015fl\u0131klar\u0131n sahnelendi\u011fi b\u00fcy\u00fck bir yolculuktur. Bazen bu sahnede kendimizi t\u0131kanm\u0131\u015f, rollerimizi kar\u0131\u015fm\u0131\u015f veya kelimelerin yetersiz kald\u0131\u011f\u0131 bir noktada bulabiliriz. <strong>Uygulama prati\u011fimde temel y\u00f6ntemlerden biri olarak kulland\u0131\u011f\u0131m Psikodrama; sorunlar\u0131 sadece anlatman\u0131n \u00f6tesine ge\u00e7ip, onlar\u0131 g\u00fcvenli bir &#8220;sahne&#8221; \u00fczerinde canland\u0131rarak d\u00f6n\u00fc\u015ft\u00fcrd\u00fc\u011f\u00fcm\u00fcz bir eylem metodudur.<\/strong><\/p>\t\t\t\t\t\t\t\t<\/div>\n\t\t\t\t<div class=\"elementor-element elementor-element-f6f9e48 cmsmasters-block-default cmsmasters-sticky-default elementor-widget elementor-widget-heading\" data-id=\"f6f9e48\" data-element_type=\"widget\" data-e-type=\"widget\" data-widget_type=\"heading.default\">\n\t\t\t\t\t<h3 class=\"elementor-heading-title elementor-size-default\">Kelimelerin \u00d6tesine Ge\u00e7mek: Eylem ve Fark\u0131ndal\u0131k<\/h3>\t\t\t\t<\/div>\n\t\t\t\t<div class=\"elementor-element elementor-element-4d6ed97 cmsmasters-block-default cmsmasters-sticky-default elementor-widget elementor-widget-text-editor\" data-id=\"4d6ed97\" data-element_type=\"widget\" data-e-type=\"widget\" data-widget_type=\"text-editor.default\">\n\t\t\t\t\t\t\t\t\t<p>Psikodrama\u2019n\u0131n temel felsefesi, bireyin kendili\u011findenli\u011fini (spontanite) ve yarat\u0131c\u0131l\u0131\u011f\u0131n\u0131 yeniden kazanmas\u0131 \u00fczerine kuruludur. Ya\u015fam mozai\u011finizde yer alan ancak tam olarak anlamland\u0131ramad\u0131\u011f\u0131n\u0131z bir &#8220;par\u00e7a&#8221; (bir an\u0131, bir \u00e7at\u0131\u015fma veya bir korku), Psikodrama sahnesinde canland\u0131r\u0131larak somutla\u015f\u0131r.<\/p><p>Bu y\u00f6ntemde biz; ge\u00e7mi\u015fi, \u015fimdiyi ve gelece\u011fi ayn\u0131 anda sahneye ta\u015f\u0131r\u0131z. Ya\u015fananlar\u0131 sadece hat\u0131rlamakla kalmaz, onlara yeni bir g\u00f6zle bakmak ve alternatif sonlar prova etmek i\u00e7in eyleme ge\u00e7eriz.<\/p>\t\t\t\t\t\t\t\t<\/div>\n\t\t\t\t<div class=\"elementor-element elementor-element-0703a76 cmsmasters-block-default cmsmasters-sticky-default elementor-widget elementor-widget-heading\" data-id=\"0703a76\" data-element_type=\"widget\" data-e-type=\"widget\" data-widget_type=\"heading.default\">\n\t\t\t\t\t<h3 class=\"elementor-heading-title elementor-size-default\">Psikodrama S\u00fcrecinin Temel Bile\u015fenleri<\/h3>\t\t\t\t<\/div>\n\t\t\t\t<div class=\"elementor-element elementor-element-2ea31e1 cmsmasters-block-default cmsmasters-sticky-default elementor-widget elementor-widget-text-editor\" data-id=\"2ea31e1\" data-element_type=\"widget\" data-e-type=\"widget\" data-widget_type=\"text-editor.default\">\n\t\t\t\t\t\t\t\t\t<p>S\u00fcre\u00e7te kulland\u0131\u011f\u0131m\u0131z ara\u00e7lar, sizin i\u00e7 d\u00fcnyan\u0131z\u0131 daha iyi anlaman\u0131za ve d\u00f6n\u00fc\u015ft\u00fcrmenize nas\u0131l yard\u0131mc\u0131 olur?<\/p><ul><li><strong>Sahne ve Ger\u00e7eklik:<\/strong> Seanslar\u0131m\u0131zda zihninizdeki bir \u00e7at\u0131\u015fma veya bir r\u00fcya, profesyonel bir sahneye ta\u015f\u0131n\u0131r. Bu sahne, hata yapman\u0131n serbest oldu\u011fu, &#8220;ke\u015fke \u00f6yle s\u00f6yleseydim&#8221; dedi\u011finiz her an\u0131 yeniden ya\u015fay\u0131p onarabilece\u011finiz g\u00fcvenli bir aland\u0131r.<\/li><li><strong>Rol De\u011fi\u015ftirme ve Ayna:<\/strong> Bir ba\u015fkas\u0131n\u0131n (veya kendi par\u00e7an\u0131z\u0131n) yerine ge\u00e7erek d\u00fcnyaya onun g\u00f6z\u00fcnden bakmak, mozai\u011finizdeki eksik perspektifleri tamamlaman\u0131z\u0131 sa\u011flar. &#8220;Ayna&#8221; tekni\u011fiyle, kendi ya\u015fam sahnenize d\u0131\u015far\u0131dan bakma ve k\u00f6r noktalar\u0131n\u0131z\u0131 fark etme \u015fans\u0131 bulursunuz.<\/li><li><strong>Spontanite ve Yarat\u0131c\u0131l\u0131k:<\/strong> Hayat\u0131n beklenmedik durumlar\u0131na kar\u015f\u0131 yeni ve uygun tepkiler verme yetene\u011fimizi (spontanite) geli\u015ftiririz. Donmu\u015f, kat\u0131la\u015fm\u0131\u015f tepkilerin yerine; canl\u0131 ve yarat\u0131c\u0131 bir &#8220;ben&#8221; in\u015fa ederiz.<\/li><li><strong>Duygusal Bo\u015fal\u0131m (Katarsis) ve Onar\u0131m:<\/strong> Sahnelenen her duygu, i\u00e7sel bir bo\u015fal\u0131m\u0131 ve beraberinde gelen zihinsel berrakl\u0131\u011f\u0131 getirir. Psikodrama kurucusu J.L. Moreno\u2019nun dedi\u011fi gibi: <em>&#8220;Her ger\u00e7ek bir kez daha sahnelenerek onar\u0131l\u0131r.&#8221;<\/em><\/li><\/ul>\t\t\t\t\t\t\t\t<\/div>\n\t\t\t\t<div class=\"elementor-element elementor-element-10b315f cmsmasters-block-default cmsmasters-sticky-default elementor-widget elementor-widget-heading\" data-id=\"10b315f\" data-element_type=\"widget\" data-e-type=\"widget\" data-widget_type=\"heading.default\">\n\t\t\t\t\t<h3 class=\"elementor-heading-title elementor-size-default\">Psikodrama Size Ne Kazand\u0131r\u0131r?<\/h3>\t\t\t\t<\/div>\n\t\t\t\t<div class=\"elementor-element elementor-element-13ce2b4 cmsmasters-block-default cmsmasters-sticky-default elementor-widget elementor-widget-text-editor\" data-id=\"13ce2b4\" data-element_type=\"widget\" data-e-type=\"widget\" data-widget_type=\"text-editor.default\">\n\t\t\t\t\t\t\t\t\t<p>Bu yolculukta size; sadece sorunlar\u0131n\u0131z\u0131 anlatmak i\u00e7in de\u011fil, onlar\u0131 d\u00f6n\u00fc\u015ft\u00fcrmek i\u00e7in de e\u015flik ediyoruz:<\/p><ol><li><strong>\u0130li\u015fki Y\u00f6netimi:<\/strong> Rollerinizi netle\u015ftirerek aile, i\u015f ve sosyal \u00e7evrenizdeki s\u0131n\u0131rlar\u0131n\u0131z\u0131 daha sa\u011fl\u0131kl\u0131 \u00e7izebilirsiniz.<\/li><li><strong>Ge\u00e7mi\u015fle Bar\u0131\u015fma:<\/strong> Tamamlanmam\u0131\u015f meseleleri (bitmemi\u015f i\u015fler) sahne \u00fczerinde tamamlayarak duygusal \u00f6zg\u00fcrl\u00fc\u011f\u00fcn\u00fcze kavu\u015fabilirsiniz.<\/li><li><strong>Gelecek Provas\u0131:<\/strong> Sizi kayg\u0131land\u0131ran gelecek senaryolar\u0131n\u0131 terapi odas\u0131nda prova ederek, ger\u00e7ek hayatta daha emin ad\u0131mlar atabilirsiniz.<\/li><li><strong>B\u00fct\u00fcnle\u015fme:<\/strong> Ya\u015fam mozai\u011finizin her bir par\u00e7as\u0131n\u0131; eylemle, duyguyla ve d\u00fc\u015f\u00fcnceyle b\u00fct\u00fcnle\u015ftirip kendi hikayenizin y\u00f6netmeni haline gelirsiniz.<\/li><\/ol>\t\t\t\t\t\t\t\t<\/div>\n\t\t\t\t\t<\/div>\n\t\t\t\t<\/div>\n\t\t\t\t<\/div>\n\t\t\t\t\t<\/div>\n\t\t\t\t<\/div>\n\t\t\t\t<\/div>\n\t\t","protected":false},"excerpt":{"rendered":"<p>ggg Psikodrama: Hayat Sahnesinde De\u011fi\u015fim Hayat\u0131m\u0131z; rollerin, ili\u015fkilerin ve ya\u015fanm\u0131\u015fl\u0131klar\u0131n sahnelendi\u011fi b\u00fcy\u00fck bir yolculuktur. Bazen bu sahnede kendimizi t\u0131kanm\u0131\u015f, rollerimizi kar\u0131\u015fm\u0131\u015f veya kelimelerin yetersiz kald\u0131\u011f\u0131 bir noktada bulabiliriz. Uygulama prati\u011fimde temel y\u00f6ntemlerden biri olarak kulland\u0131\u011f\u0131m Psikodrama; sorunlar\u0131 sadece anlatman\u0131n \u00f6tesine ge\u00e7ip, onlar\u0131 g\u00fcvenli bir &#8220;sahne&#8221; \u00fczerinde canland\u0131rarak d\u00f6n\u00fc\u015ft\u00fcrd\u00fc\u011f\u00fcm\u00fcz bir eylem metodudur. Kelimelerin \u00d6tesine Ge\u00e7mek: Eylem&#8230;<\/p>\n","protected":false},"author":1,"featured_media":0,"parent":0,"menu_order":0,"comment_status":"closed","ping_status":"closed","template":"","meta":{"_acf_changed":false,"footnotes":""},"class_list":["post-50687","page","type-page","status-publish","hentry"],"acf":[],"_links":{"self":[{"href":"https:\/\/www.hilalkayabal.co.uk\/index.php\/wp-json\/wp\/v2\/pages\/50687","targetHints":{"allow":["GET"]}}],"collection":[{"href":"https:\/\/www.hilalkayabal.co.uk\/index.php\/wp-json\/wp\/v2\/pages"}],"about":[{"href":"https:\/\/www.hilalkayabal.co.uk\/index.php\/wp-json\/wp\/v2\/types\/page"}],"author":[{"embeddable":true,"href":"https:\/\/www.hilalkayabal.co.uk\/index.php\/wp-json\/wp\/v2\/users\/1"}],"replies":[{"embeddable":true,"href":"https:\/\/www.hilalkayabal.co.uk\/index.php\/wp-json\/wp\/v2\/comments?post=50687"}],"version-history":[{"count":28,"href":"https:\/\/www.hilalkayabal.co.uk\/index.php\/wp-json\/wp\/v2\/pages\/50687\/revisions"}],"predecessor-version":[{"id":51033,"href":"https:\/\/www.hilalkayabal.co.uk\/index.php\/wp-json\/wp\/v2\/pages\/50687\/revisions\/51033"}],"wp:attachment":[{"href":"https:\/\/www.hilalkayabal.co.uk\/index.php\/wp-json\/wp\/v2\/media?parent=50687"}],"curies":[{"name":"wp","href":"https:\/\/api.w.org\/{rel}","templated":true}]}}